{"id":59,"date":"2023-06-11T10:50:16","date_gmt":"2023-06-11T08:50:16","guid":{"rendered":"https:\/\/dieweissenwp.ecommun.de\/?page_id=59"},"modified":"2024-04-18T10:09:28","modified_gmt":"2024-04-18T08:09:28","slug":"unternehmer-cluster","status":"publish","type":"page","link":"https:\/\/www.dieweissen.de\/?page_id=59","title":{"rendered":"UNTERNEHMER-CLUSTER"},"content":{"rendered":"\t\t<div data-elementor-type=\"wp-page\" data-elementor-id=\"59\" class=\"elementor elementor-59\" data-elementor-post-type=\"page\">\n\t\t\t\t\t\t<section class=\"elementor-section elementor-top-section elementor-element elementor-element-46047815 elementor-section-boxed elementor-section-height-default elementor-section-height-default\" data-id=\"46047815\" data-element_type=\"section\">\n\t\t\t\t\t\t<div class=\"elementor-container elementor-column-gap-default\">\n\t\t\t\t\t<div class=\"elementor-column elementor-col-100 elementor-top-column elementor-element elementor-element-26701c2c\" data-id=\"26701c2c\" data-element_type=\"column\">\n\t\t\t<div class=\"elementor-widget-wrap elementor-element-populated\">\n\t\t\t\t\t\t<div class=\"elementor-element elementor-element-5743f64 elementor-widget elementor-widget-text-editor\" data-id=\"5743f64\" data-element_type=\"widget\" data-widget_type=\"text-editor.default\">\n\t\t\t\t<div class=\"elementor-widget-container\">\n\t\t\t<style>\/*! elementor - v3.23.0 - 15-07-2024 *\/\n.elementor-widget-text-editor.elementor-drop-cap-view-stacked .elementor-drop-cap{background-color:#69727d;color:#fff}.elementor-widget-text-editor.elementor-drop-cap-view-framed .elementor-drop-cap{color:#69727d;border:3px solid;background-color:transparent}.elementor-widget-text-editor:not(.elementor-drop-cap-view-default) .elementor-drop-cap{margin-top:8px}.elementor-widget-text-editor:not(.elementor-drop-cap-view-default) .elementor-drop-cap-letter{width:1em;height:1em}.elementor-widget-text-editor .elementor-drop-cap{float:left;text-align:center;line-height:1;font-size:50px}.elementor-widget-text-editor .elementor-drop-cap-letter{display:inline-block}<\/style>\t\t\t\t<div class=\"container\">\n<p>Auch wenn die momentanen Zeiten von vielen Krisen gepr\u00e4gt sind und insbesondere die Wirtschaft und die Unternehmen unter dieser Situation leiden, sind wir von \u201edie WEISSEN\u201c und \u201eUnternehmer stehen auf\u201c \u00fcberzeugt davon, dass wir die Zukunft unseres Landes durch eine professionelle Vernetzung und den Aufbau von Unternehmernetzwerken ma\u00dfgeblich beeinflussen und mitgestalten k\u00f6nnen. Die Unternehmen und deren Mitarbeiter sind das wirtschaftliche R\u00fcckgrat dieses Landes und Garanten f\u00fcr unseren Wohlstand. Wenn auch Sie wollen, dass dies so bleibt, treten Sie dem Netzwerk bei.<\/p>\n<p>\u00a0<\/p>\n<p><strong>WIR selbst sind die L\u00f6sung!<\/strong><\/p>\n<p><strong>WIRken Sie mit uns an diesem Prozess aktiv mit.<\/strong><\/p>\n<p><strong>WIR sind uns sicher, dass wir damit gemeinsam Erfolg haben werden!<\/strong><\/p>\n<\/div>\t\t\t\t\t\t<\/div>\n\t\t\t\t<\/div>\n\t\t\t\t<div class=\"elementor-element elementor-element-c0aa9dd elementor-widget elementor-widget-button\" data-id=\"c0aa9dd\" data-element_type=\"widget\" data-widget_type=\"button.default\">\n\t\t\t\t<div class=\"elementor-widget-container\">\n\t\t\t\t\t<div class=\"elementor-button-wrapper\">\n\t\t\t<a class=\"elementor-button elementor-button-link elementor-size-sm\" href=\"https:\/\/dieweissenwp.ecommun.de\/?page_id=106\">\n\t\t\t\t\t\t<span class=\"elementor-button-content-wrapper\">\n\t\t\t\t\t\t\t\t\t<span class=\"elementor-button-text\">Cluster neu gr\u00fcnden<\/span>\n\t\t\t\t\t<\/span>\n\t\t\t\t\t<\/a>\n\t\t<\/div>\n\t\t\t\t<\/div>\n\t\t\t\t<\/div>\n\t\t\t\t<div class=\"elementor-element elementor-element-cb95b91 elementor-widget elementor-widget-heading\" data-id=\"cb95b91\" data-element_type=\"widget\" data-widget_type=\"heading.default\">\n\t\t\t\t<div class=\"elementor-widget-container\">\n\t\t\t<style>\/*! elementor - v3.23.0 - 15-07-2024 *\/\n.elementor-heading-title{padding:0;margin:0;line-height:1}.elementor-widget-heading .elementor-heading-title[class*=elementor-size-]>a{color:inherit;font-size:inherit;line-height:inherit}.elementor-widget-heading .elementor-heading-title.elementor-size-small{font-size:15px}.elementor-widget-heading .elementor-heading-title.elementor-size-medium{font-size:19px}.elementor-widget-heading .elementor-heading-title.elementor-size-large{font-size:29px}.elementor-widget-heading .elementor-heading-title.elementor-size-xl{font-size:39px}.elementor-widget-heading .elementor-heading-title.elementor-size-xxl{font-size:59px}<\/style><h2 class=\"elementor-heading-title elementor-size-default\">oder beitreten, auf den entsprechenden Cluster klicken<\/h2>\t\t<\/div>\n\t\t\t\t<\/div>\n\t\t\t\t<div class=\"elementor-element elementor-element-329e7e24 elementor-widget elementor-widget-text-editor\" data-id=\"329e7e24\" data-element_type=\"widget\" data-widget_type=\"text-editor.default\">\n\t\t\t\t<div class=\"elementor-widget-container\">\n\t\t\t\t\t\t\t<!-- wp:shortcode -->\n <!-- start Fla-shop.com HTML5 Map --> <div class='germanyHtml5Mapbottom htmlMapResponsive' style='max-width:1500px; width: 100%'><div id='germany-html5-map-map-container_0' class='germanyHtml5MapContainer' data-map-variable='germanyhtml5map_map_0'><\/div><div style='clear:both; height: 20px;'><\/div> <style> #germany-html5-map-map-container_0 { } #germany-html5-map-map-container_0 .fm-tooltip-name { color: #000000; font-size: 20px; } #germany-html5-map-map-container_0 .fm-tooltip-comment { } #germany-html5-map-map-container_0 .fm-tooltip-comment p { } @media only screen and (max-width: 480px) { #germany-html5-map-map-container_0 { float: none; width: 100%; } } <\/style><script type=\"text\/javascript\"> jQuery(function(){ var hightlighted = null; germanyhtml5map_map_0 = new FlaShopGermanyMap(germanyhtml5map_map_cfg_1); germanyhtml5map_map_0.draw('germany-html5-map-map-container_0'); germanyhtml5map_map_0.on('mousein', function(ev, sid, map) { if (hightlighted && sid != hightlighted) { map.stateHighlightOut(hightlighted); hightlighted = null; } }); var html5map_onclick = function(ev, sid, map) { var cfg = germanyhtml5map_map_cfg_1; var link = map.fetchStateAttr(sid, 'link'); var is_group = map.fetchStateAttr(sid, 'group'); var popup_id = map.fetchStateAttr(sid, 'popup-id'); var is_group_info = false; if (typeof cfg.map_data[sid] !== 'undefined') jQuery('#germany-html5-map-selector_0').val(sid); else jQuery('#germany-html5-map-selector_0').val(''); if (is_group==undefined) { if (sid.substr(0,1)=='p') { popup_id = map.fetchPointAttr(sid, 'popup_id'); link = map.fetchPointAttr(sid, 'link'); } } else if (typeof cfg.groups[is_group]['ignore_link'] == 'undefined' || ! cfg.groups[is_group].ignore_link) { link = cfg.groups[is_group].link; popup_id = cfg.groups[is_group]['popup_id']; is_group_info = true; } if (link=='#popup') { if (typeof SG_POPUP_DATA == \"object\") { if (popup_id in SG_POPUP_DATA) { SGPopup.prototype.showPopup(popup_id,false); } else { jQuery.ajax({ type: 'POST', url: 'https:\/\/www.dieweissen.de\/' + 'index.php' + '?map_id=1' + '&germanyhtml5map_get_popup', data: {popup_id:popup_id}, }).done(function(data) { jQuery('body').append(data); SGPopup.prototype.showPopup(popup_id,false); }); } } else if (typeof SGPBPopup == \"function\") { var popup = SGPBPopup.createPopupObjById(popup_id); popup.prepareOpen(); popup.open(); } return false; } if (link == '#info') { var id = is_group_info ? is_group : (sid.substr(0,1)=='p' ? sid : map.fetchStateAttr(sid, 'id')); jQuery('#germany-html5-map-state-info_0').html('Lade...'); jQuery.ajax({ type: 'POST', url: (is_group_info ? 'https:\/\/www.dieweissen.de\/' + 'index.php' + '?map_id=1' + '&germanyhtml5map_get_group_info=' : 'https:\/\/www.dieweissen.de\/' + 'index.php' + '?map_id=1' + '&germanyhtml5map_get_state_info=') + id, success: function(data, textStatus, jqXHR){ jQuery('#germany-html5-map-state-info_0').html(data); }, dataType: 'text' }); return false; } if (ev===null && link!='') { if (!jQuery('.html5dummilink').length) { jQuery('body').append('<a href=\"#\" class=\"html5dummilink\" style=\"display:none\"><\/a>'); } jQuery('.html5dummilink').attr('href',link).attr('target',(map.fetchStateAttr(sid, 'isNewWindow') ? '_blank' : '_self'))[0].click(); } }; germanyhtml5map_map_0.on('click',html5map_onclick); }); <\/script><div id='germany-html5-map-state-info_0' class='germanyHtml5MapStateInfo'><\/div> <\/div> <div style='clear: both'><\/div> <!-- end HTML5 Map --> \n<!-- \/wp:shortcode -->\t\t\t\t\t\t<\/div>\n\t\t\t\t<\/div>\n\t\t\t\t\t<\/div>\n\t\t<\/div>\n\t\t\t\t\t<\/div>\n\t\t<\/section>\n\t\t\t\t<\/div>\n\t\t","protected":false},"excerpt":{"rendered":"<p>Auch wenn die momentanen Zeiten von vielen Krisen gepr\u00e4gt sind und insbesondere die Wirtschaft und die Unternehmen unter dieser Situation leiden, sind wir von \u201edie WEISSEN\u201c und \u201eUnternehmer stehen auf\u201c \u00fcberzeugt davon, dass wir die Zukunft unseres Landes durch eine professionelle Vernetzung und den Aufbau von Unternehmernetzwerken ma\u00dfgeblich beeinflussen und mitgestalten k\u00f6nnen. Die Unternehmen und [&hellip;]<\/p>\n","protected":false},"author":2,"featured_media":0,"parent":0,"menu_order":0,"comment_status":"closed","ping_status":"closed","template":"","meta":{"footnotes":""},"class_list":["post-59","page","type-page","status-publish","hentry"],"_links":{"self":[{"href":"https:\/\/www.dieweissen.de\/index.php?rest_route=\/wp\/v2\/pages\/59"}],"collection":[{"href":"https:\/\/www.dieweissen.de\/index.php?rest_route=\/wp\/v2\/pages"}],"about":[{"href":"https:\/\/www.dieweissen.de\/index.php?rest_route=\/wp\/v2\/types\/page"}],"author":[{"embeddable":true,"href":"https:\/\/www.dieweissen.de\/index.php?rest_route=\/wp\/v2\/users\/2"}],"replies":[{"embeddable":true,"href":"https:\/\/www.dieweissen.de\/index.php?rest_route=%2Fwp%2Fv2%2Fcomments&post=59"}],"version-history":[{"count":17,"href":"https:\/\/www.dieweissen.de\/index.php?rest_route=\/wp\/v2\/pages\/59\/revisions"}],"predecessor-version":[{"id":399,"href":"https:\/\/www.dieweissen.de\/index.php?rest_route=\/wp\/v2\/pages\/59\/revisions\/399"}],"wp:attachment":[{"href":"https:\/\/www.dieweissen.de\/index.php?rest_route=%2Fwp%2Fv2%2Fmedia&parent=59"}],"curies":[{"name":"wp","href":"https:\/\/api.w.org\/{rel}","templated":true}]}}